{"id":219,"date":"2020-04-02T09:11:55","date_gmt":"2020-04-02T07:11:55","guid":{"rendered":"https:\/\/amr-modelcars.com\/?page_id=219"},"modified":"2020-04-12T17:06:38","modified_gmt":"2020-04-12T15:06:38","slug":"francais","status":"publish","type":"page","link":"https:\/\/amr-modelcars.com\/?page_id=219","title":{"rendered":"Fran\u00e7ais"},"content":{"rendered":"\n<p>Andr\u00e9-Marie RUF et son \u00e9quipe ont \u00e9t\u00e9 des pionniers du mod\u00e8le r\u00e9duit automobile artisanal au 1\/43\u00e8me. Plus de 600 mod\u00e8les sont n\u00e9s de leurs mains entre 1975 et 2005.<br>Ce site leur rend hommage.<\/p>\n\n\n\n<figure class=\"wp-block-image size-large is-style-default\"><img loading=\"lazy\" decoding=\"async\" width=\"444\" height=\"779\" src=\"https:\/\/amr-modelcars.com\/wp-content\/uploads\/2020\/04\/Num\u00e9riser.jpeg\" alt=\"\" class=\"wp-image-498\" srcset=\"https:\/\/amr-modelcars.com\/wp-content\/uploads\/2020\/04\/Num\u00e9riser.jpeg 444w, https:\/\/amr-modelcars.com\/wp-content\/uploads\/2020\/04\/Num\u00e9riser-171x300.jpeg 171w\" sizes=\"auto, (max-width: 444px) 100vw, 444px\" \/><\/figure>\n\n\n\n<p>Parce que la musique a \u00e9t\u00e9 leur compagnon de route. Parce que Thierry Pinel a \u00e9t\u00e9 l&rsquo;un des acteurs de cette \u00e9quipe, voici un extrait de la post-face qu&rsquo;il a r\u00e9dig\u00e9 pour le livre \u00ab\u00a0AMR, le r\u00e9sultat d&rsquo;une passion\u00a0\u00bb. C&rsquo;est le meilleur r\u00e9sum\u00e9 qu&rsquo;on ait lu des 30 ann\u00e9es d&rsquo;AMR.<\/p>\n\n\n\n<blockquote class=\"wp-block-quote is-layout-flow wp-block-quote-is-layout-flow\"><p>Si la musique est omnipr\u00e9sente dans le travail (l&rsquo;Oeuvre) d&rsquo;Andr\u00e9-Marie RUF, elle en est aussi un fid\u00e8le reflet \u00e0 travers son \u00e9volution. Sans Chuck Berry, Buddy Holly, Bo Diddley, pas de Beatles, pas de Stones, pas de Who. Rien apr\u00e8s non plus. Pas de Velvet, pas de Ramones. L&rsquo;indispensable cha\u00eenon entre le blues et le rock.<br>Si John Day fut le Robert Johnson du mod\u00e9lisme, Andr\u00e9-Marie RUF sut s&rsquo;en inspirer et, \u00e0 l&rsquo;instar des guitar-heroes qui ont permis \u00e0 des g\u00e9n\u00e9rations de gamins boutonneux de s&rsquo;envisager avec une six-cordes autour du cou, il doit \u00eatre consid\u00e9r\u00e9 comme une h\u00e9ros du fer \u00e0 souder et de la rape.<br>J&rsquo;ai \u00e9t\u00e9 dans les rangs de ceux qui ont suivi ses traces dans l&rsquo;espoir de monter sur sc\u00e8ne. (&#8230;) J&rsquo;y suis mont\u00e9, et pas en premi\u00e8re partie, dans son groupe. (&#8230;) Le succ\u00e8s, les tourn\u00e9es, les modes, les egos, le fric, le Clash.<br>Pour rester grand, les grands groupes doivent se s\u00e9parer. C&rsquo;est la r\u00e8gle. Le monde du mod\u00e9lisme n&rsquo;y \u00e9chappe pas, il est aussi impitoyable que le show-biz.<br>(&#8230;)<br>L&rsquo;histoire est elle aussi impitoyable, elle n&rsquo;est souvent que le r\u00e9cit de l&rsquo;homme qui a vu l&rsquo;homme qui a vu l&rsquo;ours. (&#8230;) J&rsquo;ai vu l&rsquo;ours et je n&rsquo;ai pas eu peur!<br>Franchement ? Si. Un peu, au d\u00e9but &#8230; Les rock-stars sont ce qu&rsquo;elles sont, des divas \u00e9gocentriques et des types formidables, alternativement, simultan\u00e9ment.<br>Contradictoires, mais \u00e9corch\u00e9es vives, toujours. Rock and roll Animal.<\/p><p>Thierry Pinel, le 16 juillet 2011<\/p><\/blockquote>\n","protected":false},"excerpt":{"rendered":"<p>Andr\u00e9-Marie RUF et son \u00e9quipe ont \u00e9t\u00e9 des pionniers du mod\u00e8le r\u00e9duit automobile artisanal au 1\/43\u00e8me. Plus de 600 mod\u00e8les sont n\u00e9s de leurs mains entre 1975 et 2005.Ce site leur rend hommage. Parce que la musique a \u00e9t\u00e9 leur &hellip; <a href=\"https:\/\/amr-modelcars.com\/?page_id=219\">Continuer la lecture <span class=\"meta-nav\">&rarr;<\/span><\/a><\/p>\n","protected":false},"author":1,"featured_media":0,"parent":0,"menu_order":0,"comment_status":"closed","ping_status":"closed","template":"","meta":{"footnotes":""},"class_list":["post-219","page","type-page","status-publish","hentry"],"_links":{"self":[{"href":"https:\/\/amr-modelcars.com\/index.php?rest_route=\/wp\/v2\/pages\/219","targetHints":{"allow":["GET"]}}],"collection":[{"href":"https:\/\/amr-modelcars.com\/index.php?rest_route=\/wp\/v2\/pages"}],"about":[{"href":"https:\/\/amr-modelcars.com\/index.php?rest_route=\/wp\/v2\/types\/page"}],"author":[{"embeddable":true,"href":"https:\/\/amr-modelcars.com\/index.php?rest_route=\/wp\/v2\/users\/1"}],"replies":[{"embeddable":true,"href":"https:\/\/amr-modelcars.com\/index.php?rest_route=%2Fwp%2Fv2%2Fcomments&post=219"}],"version-history":[{"count":9,"href":"https:\/\/amr-modelcars.com\/index.php?rest_route=\/wp\/v2\/pages\/219\/revisions"}],"predecessor-version":[{"id":521,"href":"https:\/\/amr-modelcars.com\/index.php?rest_route=\/wp\/v2\/pages\/219\/revisions\/521"}],"wp:attachment":[{"href":"https:\/\/amr-modelcars.com\/index.php?rest_route=%2Fwp%2Fv2%2Fmedia&parent=219"}],"curies":[{"name":"wp","href":"https:\/\/api.w.org\/{rel}","templated":true}]}}