{"id":244,"date":"2020-04-02T09:38:32","date_gmt":"2020-04-02T07:38:32","guid":{"rendered":"https:\/\/amr-modelcars.com\/?page_id=244"},"modified":"2023-10-02T19:20:40","modified_gmt":"2023-10-02T17:20:40","slug":"bienvenue-welcome","status":"publish","type":"page","link":"https:\/\/amr-modelcars.com\/","title":{"rendered":"Bienvenue \/ welcome"},"content":{"rendered":"\n<div class=\"wp-block-image is-style-default\"><figure class=\"aligncenter size-large\"><img loading=\"lazy\" decoding=\"async\" width=\"800\" height=\"558\" src=\"https:\/\/amr-modelcars.com\/wp-content\/uploads\/2020\/04\/7.jpg\" alt=\"\" class=\"wp-image-362\" srcset=\"https:\/\/amr-modelcars.com\/wp-content\/uploads\/2020\/04\/7.jpg 800w, https:\/\/amr-modelcars.com\/wp-content\/uploads\/2020\/04\/7-300x209.jpg 300w, https:\/\/amr-modelcars.com\/wp-content\/uploads\/2020\/04\/7-768x536.jpg 768w, https:\/\/amr-modelcars.com\/wp-content\/uploads\/2020\/04\/7-430x300.jpg 430w\" sizes=\"auto, (max-width: 800px) 100vw, 800px\" \/><figcaption>Andr\u00e9-Marie RUF \u00e0 son \u00e9tabli, 1979. <em>AM RUF at work, 1979<\/em><\/figcaption><\/figure><\/div>\n\n\n\n<div class=\"wp-block-columns is-layout-flex wp-container-core-columns-is-layout-9d6595d7 wp-block-columns-is-layout-flex\">\n<div class=\"wp-block-column is-layout-flow wp-block-column-is-layout-flow\">\n<p class=\"has-text-align-left\"><strong>Bienvenue sur le site d\u00e9di\u00e9 \u00e0 AMR<\/strong><br>F\u00fbt un temps o\u00f9 des miniatures \u00e9taient fabriqu\u00e9es enti\u00e8rement \u00e0 la main. <br>AMR a \u00e9tabli le <em>white-metal<\/em>* dans le paysage de la miniature haut de gamme d\u00e8s 1975.<br>Ces mod\u00e8les vendus en kit ou tout mont\u00e9 ont r\u00e9joui de nombreux collectionneurs. <br>La fa\u00e7on unique (mais tr\u00e8s personnelle) qu&rsquo;avait Andr\u00e9-Marie Ruf de re-cr\u00e9er les autos au 1\/43 enthousiasme ou rebute. Elle a logiquement des vocations et contribu\u00e9 \u00e0 diversifier l&rsquo;offre pour les collectionneurs.<br>Ce site rend hommage au travail de mon P\u00e8re et au travail de l&rsquo;\u00e9quipe qu&rsquo;il a form\u00e9 autour de lui. <br>Ce site est aussi en construction. Alors, pendant que je l&rsquo;enrichis progressivement, vous pouvez :<br>&#8211; <a rel=\"noreferrer noopener\" href=\"http:\/\/amr-modelcars.com\/wp-content\/uploads\/2017\/10\/production-list-AMR.pdf\" target=\"_blank\">t\u00e9l\u00e9charger le listing de la production,<\/a><br>&#8211; faire un tour sur notre compte instagram,<br><br>Bonne visite !<br><br>* alliage de plomb et d&rsquo;\u00e9tain<\/p>\n\n\n\n<p class=\"has-text-align-right\"><a href=\"mailto:antony.ruf@orange.fr\" target=\"_blank\" rel=\"noreferrer noopener\">Antony RUF<\/a><\/p>\n<\/div>\n\n\n\n<div class=\"wp-block-column is-layout-flow wp-block-column-is-layout-flow\">\n<p><em><strong>Welcome to the AMR website<\/strong><\/em>,<br>There was a time when miniatures were <a href=\"https:\/\/amr-modelcars.com\/?page_id=510\">made entirely by hand<\/a>. <br>AMR established white-metal in the high-end miniature landscape in 1975.<br>These modelcars, sold as kit or as factory-built, have delighted many collectors during 30 years.<br>Andr\u00e9-Marie&rsquo;s very special and truly unique way of re-creatiing 1:1 cars on 1:43 is either enthusiastic or repulsive, no middle feeling when looking at them. In any case, it will have aroused many vocations and contributed to diversify the offer for collectors.<br>This site aims to pay tribute to my Father and to the team he gathered around him.<br>This site is also under construction. So, while I improve it, what about :<br>&#8211; <a rel=\"noreferrer noopener\" href=\"http:\/\/amr-modelcars.com\/wp-content\/uploads\/2017\/10\/production-list-AMR.pdf\" target=\"_blank\">downloading the AMR-X production list<\/a>,<br>&#8211; take a look at the dedicated instagram account,<\/p>\n\n\n\n<p>Enjoy your stay!<br><br><\/p>\n\n\n\n<p><\/p>\n\n\n\n<p><\/p>\n\n\n\n<p><\/p>\n<\/div>\n<\/div>\n\n\n\n<p><\/p>\n","protected":false},"excerpt":{"rendered":"<p>Bienvenue sur le site d\u00e9di\u00e9 \u00e0 AMRF\u00fbt un temps o\u00f9 des miniatures \u00e9taient fabriqu\u00e9es enti\u00e8rement \u00e0 la main. AMR a \u00e9tabli le white-metal* dans le paysage de la miniature haut de gamme d\u00e8s 1975.Ces mod\u00e8les vendus en kit ou tout &hellip; <a href=\"https:\/\/amr-modelcars.com\/\">Continuer la lecture <span class=\"meta-nav\">&rarr;<\/span><\/a><\/p>\n","protected":false},"author":1,"featured_media":0,"parent":0,"menu_order":0,"comment_status":"closed","ping_status":"closed","template":"","meta":{"footnotes":""},"class_list":["post-244","page","type-page","status-publish","hentry"],"_links":{"self":[{"href":"https:\/\/amr-modelcars.com\/index.php?rest_route=\/wp\/v2\/pages\/244","targetHints":{"allow":["GET"]}}],"collection":[{"href":"https:\/\/amr-modelcars.com\/index.php?rest_route=\/wp\/v2\/pages"}],"about":[{"href":"https:\/\/amr-modelcars.com\/index.php?rest_route=\/wp\/v2\/types\/page"}],"author":[{"embeddable":true,"href":"https:\/\/amr-modelcars.com\/index.php?rest_route=\/wp\/v2\/users\/1"}],"replies":[{"embeddable":true,"href":"https:\/\/amr-modelcars.com\/index.php?rest_route=%2Fwp%2Fv2%2Fcomments&post=244"}],"version-history":[{"count":16,"href":"https:\/\/amr-modelcars.com\/index.php?rest_route=\/wp\/v2\/pages\/244\/revisions"}],"predecessor-version":[{"id":669,"href":"https:\/\/amr-modelcars.com\/index.php?rest_route=\/wp\/v2\/pages\/244\/revisions\/669"}],"wp:attachment":[{"href":"https:\/\/amr-modelcars.com\/index.php?rest_route=%2Fwp%2Fv2%2Fmedia&parent=244"}],"curies":[{"name":"wp","href":"https:\/\/api.w.org\/{rel}","templated":true}]}}