{"id":364,"date":"2020-04-07T14:31:01","date_gmt":"2020-04-07T12:31:01","guid":{"rendered":"https:\/\/amr-modelcars.com\/?page_id=364"},"modified":"2020-04-12T17:00:47","modified_gmt":"2020-04-12T15:00:47","slug":"fabrication","status":"publish","type":"page","link":"https:\/\/amr-modelcars.com\/?page_id=364","title":{"rendered":"Fabrication"},"content":{"rendered":"\n<p>Oubliez les imprimantes 3D, les mod\u00e8les AMR-X sont le r\u00e9sultat d&rsquo;un travail manuel. Le processus est similaire \u00e0 celui de la joaillerie. Et durant toute sa carri\u00e8re Andr\u00e9-Marie Ruf l&rsquo;a quasiment toujours suivi. Il est ci-dessous r\u00e9sum\u00e9.<br><strong>N.B. :<\/strong> Les images montrent des mod\u00e8les diff\u00e9rents. Nous n&rsquo;avons pas d&rsquo;image d&rsquo;une seule et m\u00eame reproduction tout au long du processus (en plus la cire dispara\u00eet en cours de route -voir ci-dessous). Et puis c&rsquo;\u00e9tait l&rsquo;occasion de montrer plusieurs mod\u00e8les. <\/p>\n\n\n\n<figure class=\"wp-block-image size-large is-style-default\"><img loading=\"lazy\" decoding=\"async\" width=\"2560\" height=\"1920\" src=\"https:\/\/amr-modelcars.com\/wp-content\/uploads\/2020\/04\/DSCN2742.jpg\" alt=\"\" class=\"wp-image-365\" srcset=\"https:\/\/amr-modelcars.com\/wp-content\/uploads\/2020\/04\/DSCN2742.jpg 2560w, https:\/\/amr-modelcars.com\/wp-content\/uploads\/2020\/04\/DSCN2742-300x225.jpg 300w, https:\/\/amr-modelcars.com\/wp-content\/uploads\/2020\/04\/DSCN2742-768x576.jpg 768w, https:\/\/amr-modelcars.com\/wp-content\/uploads\/2020\/04\/DSCN2742-1536x1152.jpg 1536w, https:\/\/amr-modelcars.com\/wp-content\/uploads\/2020\/04\/DSCN2742-2048x1536.jpg 2048w, https:\/\/amr-modelcars.com\/wp-content\/uploads\/2020\/04\/DSCN2742-400x300.jpg 400w\" sizes=\"auto, (max-width: 2560px) 100vw, 2560px\" \/><\/figure>\n\n\n\n<p>Tout commence avec le choix du mod\u00e8le \u00e0 reproduire, un relev\u00e9 de dimensions et un solide dossier photo. L&rsquo;illustration ci-dessous montre un particularit\u00e9 inh\u00e9rente \u00e0 cette m\u00e9thode de fabrication. Pour avoir un white-m\u00e9tal au 1\/43, il faut produire une cire au 1\/41, \u00e0 cause du r\u00e9treint au moulage. <\/p>\n\n\n\n<figure class=\"wp-block-image size-large is-style-default\"><img loading=\"lazy\" decoding=\"async\" width=\"2544\" height=\"1819\" src=\"https:\/\/amr-modelcars.com\/wp-content\/uploads\/2020\/04\/DSCN3171.jpg\" alt=\"\" class=\"wp-image-461\" srcset=\"https:\/\/amr-modelcars.com\/wp-content\/uploads\/2020\/04\/DSCN3171.jpg 2544w, https:\/\/amr-modelcars.com\/wp-content\/uploads\/2020\/04\/DSCN3171-300x215.jpg 300w, https:\/\/amr-modelcars.com\/wp-content\/uploads\/2020\/04\/DSCN3171-768x549.jpg 768w, https:\/\/amr-modelcars.com\/wp-content\/uploads\/2020\/04\/DSCN3171-1536x1098.jpg 1536w, https:\/\/amr-modelcars.com\/wp-content\/uploads\/2020\/04\/DSCN3171-2048x1464.jpg 2048w, https:\/\/amr-modelcars.com\/wp-content\/uploads\/2020\/04\/DSCN3171-420x300.jpg 420w\" sizes=\"auto, (max-width: 2544px) 100vw, 2544px\" \/><figcaption>Le dossier de creation<\/figcaption><\/figure>\n\n\n\n<p>Vient alors le travail de sculpture dans un bloc de cire. Limes, fer \u00e0 souder, marbre et trusquin sont les principaux outils utilis\u00e9s pour ce travail pouvant durer jusqu&rsquo;\u00e0 15 jours. C&rsquo;est \u00e0 ce stade qu&rsquo;Andr\u00e9-Marie RUF exag\u00e9rait :<\/p>\n\n\n\n<blockquote class=\"wp-block-quote is-layout-flow wp-block-quote-is-layout-flow\"><p>\u00ab\u00a0L&rsquo;oeil ne reconna\u00eet pas le caract\u00e8re d&rsquo;une automobile si elle est strictement r\u00e9duite au 1\/43\u00e8me. Alors je triche, j&rsquo;en produis une esp\u00e8ce de caricature en accentuant ses caract\u00e9ristiques.\u00a0\u00bb<\/p><\/blockquote>\n\n\n\n<figure class=\"wp-block-image size-large is-style-default\"><img loading=\"lazy\" decoding=\"async\" width=\"2560\" height=\"1920\" src=\"https:\/\/amr-modelcars.com\/wp-content\/uploads\/2020\/04\/DSCN2773-1.jpg\" alt=\"\" class=\"wp-image-464\" srcset=\"https:\/\/amr-modelcars.com\/wp-content\/uploads\/2020\/04\/DSCN2773-1.jpg 2560w, https:\/\/amr-modelcars.com\/wp-content\/uploads\/2020\/04\/DSCN2773-1-300x225.jpg 300w, https:\/\/amr-modelcars.com\/wp-content\/uploads\/2020\/04\/DSCN2773-1-768x576.jpg 768w, https:\/\/amr-modelcars.com\/wp-content\/uploads\/2020\/04\/DSCN2773-1-1536x1152.jpg 1536w, https:\/\/amr-modelcars.com\/wp-content\/uploads\/2020\/04\/DSCN2773-1-2048x1536.jpg 2048w, https:\/\/amr-modelcars.com\/wp-content\/uploads\/2020\/04\/DSCN2773-1-400x300.jpg 400w\" sizes=\"auto, (max-width: 2560px) 100vw, 2560px\" \/><figcaption>Cette Ferrari 250 SWB avec capot ouvrant est rest\u00e9e au stade de projet.<\/figcaption><\/figure>\n\n\n\n<p>Le master en cire est ensuite transform\u00e9 en laiton (ou en bronze) par le proc\u00e9d\u00e9 de cire perdue. Concr\u00e8tement les pi\u00e8ces en cire sont mises dans un cylindre contenant une sorte de c\u00e9ramique liquide. Le tout est ensuite mis au four. L&rsquo;\u00e9l\u00e9vation de la temp\u00e9rature solidifie la c\u00e9ramique liquide et fait fondre la cire. Dans le corps creux laiss\u00e9 par la fonte de la cire est coul\u00e9 du laiton (ou du bronze). Au passage, on perd une \u00e9chelle (le r\u00e9treint) et parfois &#8230; tout. Il est arriv\u00e9 que \u00e7a foire et qu&rsquo;il faille recommencer le master en cire.<\/p>\n\n\n\n<figure class=\"wp-block-image size-large is-style-default\"><img loading=\"lazy\" decoding=\"async\" width=\"2560\" height=\"1920\" src=\"https:\/\/amr-modelcars.com\/wp-content\/uploads\/2020\/04\/DSCN3223.jpg\" alt=\"\" class=\"wp-image-467\" srcset=\"https:\/\/amr-modelcars.com\/wp-content\/uploads\/2020\/04\/DSCN3223.jpg 2560w, https:\/\/amr-modelcars.com\/wp-content\/uploads\/2020\/04\/DSCN3223-300x225.jpg 300w, https:\/\/amr-modelcars.com\/wp-content\/uploads\/2020\/04\/DSCN3223-768x576.jpg 768w, https:\/\/amr-modelcars.com\/wp-content\/uploads\/2020\/04\/DSCN3223-1536x1152.jpg 1536w, https:\/\/amr-modelcars.com\/wp-content\/uploads\/2020\/04\/DSCN3223-2048x1536.jpg 2048w, https:\/\/amr-modelcars.com\/wp-content\/uploads\/2020\/04\/DSCN3223-400x300.jpg 400w\" sizes=\"auto, (max-width: 2560px) 100vw, 2560px\" \/><figcaption>Pour cette Lusso, le proc\u00e9d\u00e9 de cire perdue s&rsquo;est correctement d\u00e9roul\u00e9. Il a \u00e9t\u00e9 possible de fignoler.<\/figcaption><\/figure>\n\n\n\n<figure class=\"wp-block-image size-large is-style-default\"><img loading=\"lazy\" decoding=\"async\" width=\"2560\" height=\"1780\" src=\"https:\/\/amr-modelcars.com\/wp-content\/uploads\/2020\/04\/DSC_4901-scaled.jpg\" alt=\"\" class=\"wp-image-476\" srcset=\"https:\/\/amr-modelcars.com\/wp-content\/uploads\/2020\/04\/DSC_4901-scaled.jpg 2560w, https:\/\/amr-modelcars.com\/wp-content\/uploads\/2020\/04\/DSC_4901-300x209.jpg 300w, https:\/\/amr-modelcars.com\/wp-content\/uploads\/2020\/04\/DSC_4901-768x534.jpg 768w, https:\/\/amr-modelcars.com\/wp-content\/uploads\/2020\/04\/DSC_4901-1536x1068.jpg 1536w, https:\/\/amr-modelcars.com\/wp-content\/uploads\/2020\/04\/DSC_4901-2048x1424.jpg 2048w, https:\/\/amr-modelcars.com\/wp-content\/uploads\/2020\/04\/DSC_4901-432x300.jpg 432w\" sizes=\"auto, (max-width: 2560px) 100vw, 2560px\" \/><figcaption>Pour cette Daytona, il y a eu un probl\u00e8me. <br>Cette \u00e0 peine moiti\u00e9 a le m\u00e9rite de montrer qu&rsquo;un \u00ab\u00a0bronze\u00a0\u00bb brut n\u00e9cessite des finitions avant d&rsquo;\u00eatre \u00e0 son tour moul\u00e9 pour donner naissance \u00e0 des pi\u00e8ces en white-m\u00e9tal.<\/figcaption><\/figure>\n\n\n\n<p>Et maintenant, la production des pi\u00e8ces en white-m\u00e9tal. La principale \u00e9tant la carrosserie. <br>Si le laiton est utilis\u00e9, c&rsquo;est parce que c&rsquo;est un mat\u00e9riau r\u00e9sistant \u00e0 la chaleur et \u00e0 la pression n\u00e9cessaires \u00e0 la cuisson des galettes de silicone qui l&rsquo;enferment. En cuisant, le silicone durcit et ce durcissement permet jusqu&rsquo;\u00e0 360 tirages. Ce dernier moulage produit normalement un mod\u00e8le au 1\/43. Normalement ? Oui, parce que depuis 1975 les AMR sont jug\u00e9es trop grosses. Sortez vos pieds \u00e0 coulisses si pour vous la taille compte. (Et puis si vous avez bien int\u00e9gr\u00e9 cette histoire de r\u00e9treint, vous comprendrez pourquoi Andr\u00e9-Marie RUF d\u00e9testait les rois du surmoulage, plus prompt \u00e0 pomper le travail des autres qu&rsquo;\u00e0 cr\u00e9er leurs propres masters.)<\/p>\n\n\n\n<figure class=\"wp-block-image size-large is-style-default\"><img loading=\"lazy\" decoding=\"async\" width=\"1765\" height=\"1165\" src=\"https:\/\/amr-modelcars.com\/wp-content\/uploads\/2020\/04\/512-S.jpg\" alt=\"\" class=\"wp-image-474\" srcset=\"https:\/\/amr-modelcars.com\/wp-content\/uploads\/2020\/04\/512-S.jpg 1765w, https:\/\/amr-modelcars.com\/wp-content\/uploads\/2020\/04\/512-S-300x198.jpg 300w, https:\/\/amr-modelcars.com\/wp-content\/uploads\/2020\/04\/512-S-768x507.jpg 768w, https:\/\/amr-modelcars.com\/wp-content\/uploads\/2020\/04\/512-S-1536x1014.jpg 1536w, https:\/\/amr-modelcars.com\/wp-content\/uploads\/2020\/04\/512-S-455x300.jpg 455w\" sizes=\"auto, (max-width: 1765px) 100vw, 1765px\" \/><\/figure>\n\n\n\n<p>La composition du white-metal a \u00e9volu\u00e9 au gr\u00e9 des normes sanitaires. Jusque dans le milieu des ann\u00e9es 1980, il \u00e9tait riche en plomb et en anti-moine. Progressivement, la part autoris\u00e9e de ces deux mat\u00e9riaux a \u00e9t\u00e9 r\u00e9duite. C&rsquo;est pourquoi l&rsquo;aspect des kits des ann\u00e9es 2000 est plus granuleux. Et c&rsquo;est aussi pourquoi les pi\u00e8ces en white-m\u00e9tal sont devenus moins souples.<\/p>\n\n\n\n<p>Les autres pi\u00e8ces composant un kit ou un mod\u00e8le mont\u00e9 \u00e9taient \u00e9galement produites selon des m\u00e9thodes artisanales. AMR sous-traitait la fabrication des d\u00e9calcomanies en fournissant un dessin de l&rsquo;attendu. Idem pour le proc\u00e9d\u00e9 de photod\u00e9coupage. Seuls les moules des vitrages \u00e9taient r\u00e9alis\u00e9s par l&rsquo;\u00e9quipe.<\/p>\n\n\n\n<figure class=\"wp-block-image size-large is-style-default\"><img loading=\"lazy\" decoding=\"async\" width=\"2074\" height=\"3000\" src=\"https:\/\/amr-modelcars.com\/wp-content\/uploads\/2020\/04\/Vette-LS-72-6-2074x3000.jpg\" alt=\"\" class=\"wp-image-481\" srcset=\"https:\/\/amr-modelcars.com\/wp-content\/uploads\/2020\/04\/Vette-LS-72-6-2074x3000.jpg 2074w, https:\/\/amr-modelcars.com\/wp-content\/uploads\/2020\/04\/Vette-LS-72-6-207x300.jpg 207w, https:\/\/amr-modelcars.com\/wp-content\/uploads\/2020\/04\/Vette-LS-72-6-768x1111.jpg 768w, https:\/\/amr-modelcars.com\/wp-content\/uploads\/2020\/04\/Vette-LS-72-6-1062x1536.jpg 1062w, https:\/\/amr-modelcars.com\/wp-content\/uploads\/2020\/04\/Vette-LS-72-6-1416x2048.jpg 1416w, https:\/\/amr-modelcars.com\/wp-content\/uploads\/2020\/04\/Vette-LS-72-6-scaled.jpg 1770w\" sizes=\"auto, (max-width: 2074px) 100vw, 2074px\" \/><figcaption>Un dessin fait par Andr\u00e9-Marie RUF pour le fabricant de d\u00e9calcomanie (Cartograf en l&rsquo;occurrence).<\/figcaption><\/figure>\n\n\n\n<figure class=\"wp-block-image size-large is-style-default\"><img loading=\"lazy\" decoding=\"async\" width=\"2560\" height=\"1920\" src=\"https:\/\/amr-modelcars.com\/wp-content\/uploads\/2020\/04\/DSCN3436.jpg\" alt=\"\" class=\"wp-image-482\" srcset=\"https:\/\/amr-modelcars.com\/wp-content\/uploads\/2020\/04\/DSCN3436.jpg 2560w, https:\/\/amr-modelcars.com\/wp-content\/uploads\/2020\/04\/DSCN3436-300x225.jpg 300w, https:\/\/amr-modelcars.com\/wp-content\/uploads\/2020\/04\/DSCN3436-768x576.jpg 768w, https:\/\/amr-modelcars.com\/wp-content\/uploads\/2020\/04\/DSCN3436-1536x1152.jpg 1536w, https:\/\/amr-modelcars.com\/wp-content\/uploads\/2020\/04\/DSCN3436-2048x1536.jpg 2048w, https:\/\/amr-modelcars.com\/wp-content\/uploads\/2020\/04\/DSCN3436-400x300.jpg 400w\" sizes=\"auto, (max-width: 2560px) 100vw, 2560px\" \/><figcaption>Des moules de vitrage sur leur plaque de thermoformage.<\/figcaption><\/figure>\n","protected":false},"excerpt":{"rendered":"<p>Oubliez les imprimantes 3D, les mod\u00e8les AMR-X sont le r\u00e9sultat d&rsquo;un travail manuel. Le processus est similaire \u00e0 celui de la joaillerie. Et durant toute sa carri\u00e8re Andr\u00e9-Marie Ruf l&rsquo;a quasiment toujours suivi. Il est ci-dessous r\u00e9sum\u00e9.N.B. : Les images &hellip; <a href=\"https:\/\/amr-modelcars.com\/?page_id=364\">Continuer la lecture <span class=\"meta-nav\">&rarr;<\/span><\/a><\/p>\n","protected":false},"author":1,"featured_media":0,"parent":219,"menu_order":0,"comment_status":"closed","ping_status":"closed","template":"","meta":{"footnotes":""},"class_list":["post-364","page","type-page","status-publish","hentry"],"_links":{"self":[{"href":"https:\/\/amr-modelcars.com\/index.php?rest_route=\/wp\/v2\/pages\/364","targetHints":{"allow":["GET"]}}],"collection":[{"href":"https:\/\/amr-modelcars.com\/index.php?rest_route=\/wp\/v2\/pages"}],"about":[{"href":"https:\/\/amr-modelcars.com\/index.php?rest_route=\/wp\/v2\/types\/page"}],"author":[{"embeddable":true,"href":"https:\/\/amr-modelcars.com\/index.php?rest_route=\/wp\/v2\/users\/1"}],"replies":[{"embeddable":true,"href":"https:\/\/amr-modelcars.com\/index.php?rest_route=%2Fwp%2Fv2%2Fcomments&post=364"}],"version-history":[{"count":16,"href":"https:\/\/amr-modelcars.com\/index.php?rest_route=\/wp\/v2\/pages\/364\/revisions"}],"predecessor-version":[{"id":514,"href":"https:\/\/amr-modelcars.com\/index.php?rest_route=\/wp\/v2\/pages\/364\/revisions\/514"}],"up":[{"embeddable":true,"href":"https:\/\/amr-modelcars.com\/index.php?rest_route=\/wp\/v2\/pages\/219"}],"wp:attachment":[{"href":"https:\/\/amr-modelcars.com\/index.php?rest_route=%2Fwp%2Fv2%2Fmedia&parent=364"}],"curies":[{"name":"wp","href":"https:\/\/api.w.org\/{rel}","templated":true}]}}