{"id":672,"date":"2023-10-03T20:35:02","date_gmt":"2023-10-03T18:35:02","guid":{"rendered":"https:\/\/amr-modelcars.com\/?page_id=672"},"modified":"2023-10-03T20:48:54","modified_gmt":"2023-10-03T18:48:54","slug":"production-list","status":"publish","type":"page","link":"https:\/\/amr-modelcars.com\/?page_id=672","title":{"rendered":"Listing de la production de 1975 \u00e0 2005"},"content":{"rendered":"\n<p>Deux possibilit\u00e9s pour (re)d\u00e9couvrir tous les mod\u00e8les cr\u00e9\u00e9s d&rsquo;Abarth \u00e0 WM en passant par Porsche, Ferrari et bien d&rsquo;autres :<\/p>\n\n\n\n<ul class=\"wp-block-list\">\n<li>Imprimer tous les mod\u00e8les en&nbsp;<a href=\"http:\/\/amr-modelcars.com\/wp-content\/uploads\/2017\/10\/production-list-AMR.pdf\">t\u00e9l\u00e9chargeant le listing<\/a><\/li>\n<\/ul>\n\n\n\n<ul class=\"wp-block-list\">\n<li>Faites une recherche dans le <a href=\"https:\/\/amr-modelcars.com\/19752005\/parser.html\">listing interactif<\/a> (avec, quand disponibles, photos, infos sur la production et notices de montage)<\/li>\n<\/ul>\n","protected":false},"excerpt":{"rendered":"<p>Deux possibilit\u00e9s pour (re)d\u00e9couvrir tous les mod\u00e8les cr\u00e9\u00e9s d&rsquo;Abarth \u00e0 WM en passant par Porsche, Ferrari et bien d&rsquo;autres :<\/p>\n","protected":false},"author":1,"featured_media":0,"parent":219,"menu_order":2,"comment_status":"closed","ping_status":"closed","template":"","meta":{"footnotes":""},"class_list":["post-672","page","type-page","status-publish","hentry"],"_links":{"self":[{"href":"https:\/\/amr-modelcars.com\/index.php?rest_route=\/wp\/v2\/pages\/672","targetHints":{"allow":["GET"]}}],"collection":[{"href":"https:\/\/amr-modelcars.com\/index.php?rest_route=\/wp\/v2\/pages"}],"about":[{"href":"https:\/\/amr-modelcars.com\/index.php?rest_route=\/wp\/v2\/types\/page"}],"author":[{"embeddable":true,"href":"https:\/\/amr-modelcars.com\/index.php?rest_route=\/wp\/v2\/users\/1"}],"replies":[{"embeddable":true,"href":"https:\/\/amr-modelcars.com\/index.php?rest_route=%2Fwp%2Fv2%2Fcomments&post=672"}],"version-history":[{"count":3,"href":"https:\/\/amr-modelcars.com\/index.php?rest_route=\/wp\/v2\/pages\/672\/revisions"}],"predecessor-version":[{"id":676,"href":"https:\/\/amr-modelcars.com\/index.php?rest_route=\/wp\/v2\/pages\/672\/revisions\/676"}],"up":[{"embeddable":true,"href":"https:\/\/amr-modelcars.com\/index.php?rest_route=\/wp\/v2\/pages\/219"}],"wp:attachment":[{"href":"https:\/\/amr-modelcars.com\/index.php?rest_route=%2Fwp%2Fv2%2Fmedia&parent=672"}],"curies":[{"name":"wp","href":"https:\/\/api.w.org\/{rel}","templated":true}]}}