{"id":698,"date":"2024-12-07T16:43:44","date_gmt":"2024-12-07T15:43:44","guid":{"rendered":"https:\/\/amr-modelcars.com\/?page_id=698"},"modified":"2025-02-23T19:04:59","modified_gmt":"2025-02-23T18:04:59","slug":"le-jeu-du-50eme-anniversaire","status":"publish","type":"page","link":"https:\/\/amr-modelcars.com\/?page_id=698","title":{"rendered":"Le jeu du 50\u00e8me anniversaire"},"content":{"rendered":"\n<p>R\u00e8gles du jeu<\/p>\n\n\n\n<p>1 :\u00a0 Pour c\u00e9l\u00e9brer le 50\u00e8me anniversaire d\u2019AMR, Antony RUF organise un concours de montage de kits et de factory built modifi\u00e9s. Ce jeu fera l\u2019objet d\u2019un vote public du 17 au 29 mars 2025, et d\u2019un prix sp\u00e9cial du jury par cat\u00e9gorie. Les r\u00e9sultats seront annonc\u00e9s le 1er avril 2025.<br><\/p>\n\n\n\n<p>2 \u2013 CONDITIONS DE PARTICIPATION<br>2.1. Ce jeu gratuit s\u2019adresse aux amateurs de plus de 14 ans, quelle que soit leur nationalit\u00e9, \u00e0 l\u2019exclusion des membres du jury et leur famille.<br>2.3. Le jeu-concours est limit\u00e9 \u00e0 une seule participation par cat\u00e9gorie et par personne (m\u00eame nom, m\u00eame pr\u00e9nom et m\u00eame adresse email).<br>2.4 Les mod\u00e8les pouvant \u00eatre pr\u00e9sent\u00e9s dans le cadre de ce concours sont tous ceux du listing de la production (AMRibilia exclus) publi\u00e9 sur le site amr-modelcars, et uniquement ceux-ci. Lien d\u2019acc\u00e8s : <a href=\"http:\/\/www.amr-modelcars.com\/19752005\/parser.html\">http:\/\/www.amr-modelcars.com\/19752005\/parser.html<\/a><\/p>\n\n\n\n<p>2.5 Les cat\u00e9gories du concours sont :&nbsp;<\/p>\n\n\n\n<ul class=\"wp-block-list\">\n<li>Sortie de bo\u00eete. Le kit sera mont\u00e9 selon la notice sans modifications ni ajouts.<\/li>\n\n\n\n<li>\u00ab&nbsp;Restomod&nbsp;\u00bb : kit avec modifications (carrosserie, int\u00e9rieur) et \/ ou ajouts de composants modernes.<\/li>\n\n\n\n<li>Vrai faux FB : authentique factory built avec modifications notables (couleur pas dans la s\u00e9rie officielle, pi\u00e8ces rapport\u00e9es modernes, etc).<\/li>\n\n\n\n<li>D\u00e9lire fa\u00e7on blague du 1er avril : amusez-vous ! Mais souvenez-vous que les iconoclasmes d\u2019Andr\u00e9-Marie RUF manifestent une certaine coh\u00e9rence, y compris dans le mauvais go\u00fbt.&nbsp;<\/li>\n<\/ul>\n\n\n\n<p>Pour participer : envoyer, AVANT LE 15 MARS 2025, par mail \u00e0 <a href=\"mailto:antony.ruf@orange.fr\">antony.ruf@orange.fr<\/a> au moins 3 photos nettes et non modifi\u00e9es (filtres, corrections au logiciel photo) de votre mod\u00e8le : un 3\/4 avant, un 3\/4 arri\u00e8re, une vue de c\u00f4t\u00e9. Vous pouvez participer \u00e0 une ou plusieurs cat\u00e9gories. Le jury pourra demander des clich\u00e9s suppl\u00e9mentaires si n\u00e9cessaire. Un texte explicatif devra \u00eatre joint (par exemple pourquoi avoir choisi ce mod\u00e8le, sa signification pour vous, la nature des modifications apport\u00e9es etc).<\/p>\n\n\n\n<p>2.6 : un moyen de vote \u00e9quitable est en cours d\u2019identification. Plusieurs solutions sont \u00e0 l\u2019\u00e9tude, toutes r\u00e9pondent \u00e0 l\u2019objectif d\u2019avoir un seul vote par votant et que le r\u00e9sultat du vote reste inconnu du public jusqu\u2019au 1er avril.<br>Le jury fera son propre choix parmi les participants de chaque cat\u00e9gorie.<br>2.7 il n\u2019y aura pas d\u2019alin\u00e9a 2.2.&nbsp;<\/p>\n\n\n\n<p>3 : LES GAINS.<\/p>\n\n\n\n<p>Les premiers du vote du public (au nombre de voix) dans chaque cat\u00e9gorie seront r\u00e9compens\u00e9s. La valeur intrins\u00e8que des gains restera symbolique, pour autant \u00e7a vaudra le coup d\u2019avoir tent\u00e9 de les remporter puisqu\u2019ils seront r\u00e9alis\u00e9s sp\u00e9cialement et uniquement pour ce 50\u00e8me anniversaire.<\/p>\n\n\n\n<p>Le jury d\u00e9signera une personne \u00e0 r\u00e9compenser dans chaque cat\u00e9gorie ind\u00e9pendamment du vote du public.<br>Les gagnants seront contact\u00e9s individuellement.<br>Les photos des mod\u00e8les gagnants seront diffus\u00e9s sur internet et en particulier via les pages facebook et instagram AMR.<\/p>\n\n\n\n<p>4 : Ce qui est possible, ce qui ne l\u2019est pas (liste pouvant \u00eatre compl\u00e9t\u00e9e si n\u00e9cessaire) :<\/p>\n\n\n\n<ul class=\"wp-block-list\">\n<li>Il est autoris\u00e9 de recourir \u00e0 des vitres, d\u00e9calcomanies et pneus de refabrication si ceux du mod\u00e8le choisi ont mal vieilli, \u00e0 condition cependant que les caract\u00e9ristiques initiales soient respect\u00e9es (dimensions par exemple),<\/li>\n\n\n\n<li>Parce qu\u2019Andr\u00e9-Marie Ruf d\u00e9testait le vernis sur les d\u00e9calcomanies, vous vous abstiendrez de pr\u00e9senter des mod\u00e8les en \u00ab&nbsp;b\u00e9n\u00e9ficiant&nbsp;\u00bb.<\/li>\n\n\n\n<li>Les clones de 000 et de mod\u00e8les sp\u00e9ciaux m\u00e9diatis\u00e9s via le livre ou internet seront refus\u00e9s.<\/li>\n\n\n\n<li>Un montage pour l\u2019\u00e9v\u00e8nement c\u2019est l\u2019id\u00e9al, cependant la pr\u00e9sentation d\u2019un montage ant\u00e9rieur et dont vous \u00eates particuli\u00e8rement fier est accept\u00e9.<\/li>\n\n\n\n<li>Vous pouvez faire campagne en partageant votre\/vos mod\u00e8les pr\u00e9vus pour ce jeu sur les r\u00e9seaux sociaux.<\/li>\n<\/ul>\n\n\n\n<p>5 : si questions sur ce jeu, contactez Antony RUF par mail.<\/p>\n","protected":false},"excerpt":{"rendered":"<p>R\u00e8gles du jeu 1 :\u00a0 Pour c\u00e9l\u00e9brer le 50\u00e8me anniversaire d\u2019AMR, Antony RUF organise un concours de montage de kits et de factory built modifi\u00e9s. Ce jeu fera l\u2019objet d\u2019un vote public du 17 au 29 mars 2025, et d\u2019un &hellip; <a href=\"https:\/\/amr-modelcars.com\/?page_id=698\">Continuer la lecture <span class=\"meta-nav\">&rarr;<\/span><\/a><\/p>\n","protected":false},"author":1,"featured_media":0,"parent":0,"menu_order":0,"comment_status":"closed","ping_status":"closed","template":"","meta":{"footnotes":""},"class_list":["post-698","page","type-page","status-publish","hentry"],"_links":{"self":[{"href":"https:\/\/amr-modelcars.com\/index.php?rest_route=\/wp\/v2\/pages\/698","targetHints":{"allow":["GET"]}}],"collection":[{"href":"https:\/\/amr-modelcars.com\/index.php?rest_route=\/wp\/v2\/pages"}],"about":[{"href":"https:\/\/amr-modelcars.com\/index.php?rest_route=\/wp\/v2\/types\/page"}],"author":[{"embeddable":true,"href":"https:\/\/amr-modelcars.com\/index.php?rest_route=\/wp\/v2\/users\/1"}],"replies":[{"embeddable":true,"href":"https:\/\/amr-modelcars.com\/index.php?rest_route=%2Fwp%2Fv2%2Fcomments&post=698"}],"version-history":[{"count":4,"href":"https:\/\/amr-modelcars.com\/index.php?rest_route=\/wp\/v2\/pages\/698\/revisions"}],"predecessor-version":[{"id":708,"href":"https:\/\/amr-modelcars.com\/index.php?rest_route=\/wp\/v2\/pages\/698\/revisions\/708"}],"wp:attachment":[{"href":"https:\/\/amr-modelcars.com\/index.php?rest_route=%2Fwp%2Fv2%2Fmedia&parent=698"}],"curies":[{"name":"wp","href":"https:\/\/api.w.org\/{rel}","templated":true}]}}